{"id":14377,"date":"2022-07-04T02:42:47","date_gmt":"2022-07-04T00:42:47","guid":{"rendered":"https:\/\/www.webstranka-eshop.sk\/tesel\/produkt\/nodon-soft-dialkovy-ovladac-svetlomodra-nodecrc3606\/"},"modified":"2022-07-04T02:42:50","modified_gmt":"2022-07-04T00:42:50","slug":"nodon-soft-dialkovy-ovladac-svetlomodra-nodecrc3606","status":"publish","type":"product","link":"https:\/\/www.webstranka-eshop.sk\/tesel\/produkt\/nodon-soft-dialkovy-ovladac-svetlomodra-nodecrc3606\/","title":{"rendered":"Nodon Soft Dia\u013ekov\u00fd Ovl\u00e1da\u010d Svetlomodr\u00e1 [NODECRC3606]"},"content":{"rendered":"","protected":false},"excerpt":{"rendered":"","protected":false},"featured_media":14296,"comment_status":"closed","ping_status":"open","template":"","meta":[],"product_cat":[291,273],"product_tag":[],"class_list":["post-14377","product","type-product","status-publish","has-post-thumbnail","hentry","product_cat-dialkove-ovladace","product_cat-riadiace-jednotky","yith_product_brand-nod-on"],"_links":{"self":[{"href":"https:\/\/www.webstranka-eshop.sk\/tesel\/wp-json\/wp\/v2\/product\/14377","targetHints":{"allow":["GET"]}}],"collection":[{"href":"https:\/\/www.webstranka-eshop.sk\/tesel\/wp-json\/wp\/v2\/product"}],"about":[{"href":"https:\/\/www.webstranka-eshop.sk\/tesel\/wp-json\/wp\/v2\/types\/product"}],"replies":[{"embeddable":true,"href":"https:\/\/www.webstranka-eshop.sk\/tesel\/wp-json\/wp\/v2\/comments?post=14377"}],"wp:featuredmedia":[{"embeddable":true,"href":"https:\/\/www.webstranka-eshop.sk\/tesel\/wp-json\/wp\/v2\/media\/14296"}],"wp:attachment":[{"href":"https:\/\/www.webstranka-eshop.sk\/tesel\/wp-json\/wp\/v2\/media?parent=14377"}],"wp:term":[{"taxonomy":"product_cat","embeddable":true,"href":"https:\/\/www.webstranka-eshop.sk\/tesel\/wp-json\/wp\/v2\/product_cat?post=14377"},{"taxonomy":"product_tag","embeddable":true,"href":"https:\/\/www.webstranka-eshop.sk\/tesel\/wp-json\/wp\/v2\/product_tag?post=14377"}],"curies":[{"name":"wp","href":"https:\/\/api.w.org\/{rel}","templated":true}]}}