{"id":14365,"date":"2022-07-04T02:42:47","date_gmt":"2022-07-04T00:42:47","guid":{"rendered":"https:\/\/www.webstranka-eshop.sk\/tesel\/produkt\/qubino-bistabilny-spinac\/"},"modified":"2022-07-04T02:42:48","modified_gmt":"2022-07-04T00:42:48","slug":"qubino-bistabilny-spinac","status":"publish","type":"product","link":"https:\/\/www.webstranka-eshop.sk\/tesel\/produkt\/qubino-bistabilny-spinac\/","title":{"rendered":"Qubino Bistabiln\u00fd Sp\u00edna\u010d"},"content":{"rendered":"","protected":false},"excerpt":{"rendered":"","protected":false},"featured_media":14272,"comment_status":"closed","ping_status":"open","template":"","meta":[],"product_cat":[277,273],"product_tag":[],"class_list":["post-14365","product","type-product","status-publish","has-post-thumbnail","hentry","product_cat-prislusenstvo","product_cat-riadiace-jednotky","yith_product_brand-qubino"],"_links":{"self":[{"href":"https:\/\/www.webstranka-eshop.sk\/tesel\/wp-json\/wp\/v2\/product\/14365","targetHints":{"allow":["GET"]}}],"collection":[{"href":"https:\/\/www.webstranka-eshop.sk\/tesel\/wp-json\/wp\/v2\/product"}],"about":[{"href":"https:\/\/www.webstranka-eshop.sk\/tesel\/wp-json\/wp\/v2\/types\/product"}],"replies":[{"embeddable":true,"href":"https:\/\/www.webstranka-eshop.sk\/tesel\/wp-json\/wp\/v2\/comments?post=14365"}],"wp:featuredmedia":[{"embeddable":true,"href":"https:\/\/www.webstranka-eshop.sk\/tesel\/wp-json\/wp\/v2\/media\/14272"}],"wp:attachment":[{"href":"https:\/\/www.webstranka-eshop.sk\/tesel\/wp-json\/wp\/v2\/media?parent=14365"}],"wp:term":[{"taxonomy":"product_cat","embeddable":true,"href":"https:\/\/www.webstranka-eshop.sk\/tesel\/wp-json\/wp\/v2\/product_cat?post=14365"},{"taxonomy":"product_tag","embeddable":true,"href":"https:\/\/www.webstranka-eshop.sk\/tesel\/wp-json\/wp\/v2\/product_tag?post=14365"}],"curies":[{"name":"wp","href":"https:\/\/api.w.org\/{rel}","templated":true}]}}