{"id":14360,"date":"2022-07-04T02:42:40","date_gmt":"2022-07-04T00:42:40","guid":{"rendered":"https:\/\/www.webstranka-eshop.sk\/tesel\/produkt\/qubino-ovladac-zaluzii-plus-zmnhcd1\/"},"modified":"2022-07-04T02:42:44","modified_gmt":"2022-07-04T00:42:44","slug":"qubino-ovladac-zaluzii-plus-zmnhcd1","status":"publish","type":"product","link":"https:\/\/www.webstranka-eshop.sk\/tesel\/produkt\/qubino-ovladac-zaluzii-plus-zmnhcd1\/","title":{"rendered":"Qubino Ovl\u00e1da\u010d \u017dal\u00fazi\u00ed Plus [ZMNHCD1]"},"content":{"rendered":"","protected":false},"excerpt":{"rendered":"","protected":false},"featured_media":14262,"comment_status":"closed","ping_status":"open","template":"","meta":[],"product_cat":[289],"product_tag":[],"class_list":["post-14360","product","type-product","status-publish","has-post-thumbnail","hentry","product_cat-ovladace-na-zaluzie-rolety-markizy-a-brany","yith_product_brand-qubino"],"_links":{"self":[{"href":"https:\/\/www.webstranka-eshop.sk\/tesel\/wp-json\/wp\/v2\/product\/14360","targetHints":{"allow":["GET"]}}],"collection":[{"href":"https:\/\/www.webstranka-eshop.sk\/tesel\/wp-json\/wp\/v2\/product"}],"about":[{"href":"https:\/\/www.webstranka-eshop.sk\/tesel\/wp-json\/wp\/v2\/types\/product"}],"replies":[{"embeddable":true,"href":"https:\/\/www.webstranka-eshop.sk\/tesel\/wp-json\/wp\/v2\/comments?post=14360"}],"wp:featuredmedia":[{"embeddable":true,"href":"https:\/\/www.webstranka-eshop.sk\/tesel\/wp-json\/wp\/v2\/media\/14262"}],"wp:attachment":[{"href":"https:\/\/www.webstranka-eshop.sk\/tesel\/wp-json\/wp\/v2\/media?parent=14360"}],"wp:term":[{"taxonomy":"product_cat","embeddable":true,"href":"https:\/\/www.webstranka-eshop.sk\/tesel\/wp-json\/wp\/v2\/product_cat?post=14360"},{"taxonomy":"product_tag","embeddable":true,"href":"https:\/\/www.webstranka-eshop.sk\/tesel\/wp-json\/wp\/v2\/product_tag?post=14360"}],"curies":[{"name":"wp","href":"https:\/\/api.w.org\/{rel}","templated":true}]}}