{"id":2181,"date":"2019-02-07T07:59:13","date_gmt":"2019-02-07T07:59:13","guid":{"rendered":"http:\/\/babystreet.althemist.com\/?page_id=2181"},"modified":"2022-12-01T08:45:22","modified_gmt":"2022-12-01T08:45:22","slug":"o-nas","status":"publish","type":"page","link":"https:\/\/www.webstranka-eshop.sk\/portfolio\/moonbabiesfashion.sk\/o-nas\/","title":{"rendered":"O n\u00e1s"},"content":{"rendered":"<p>[vc_row gap=&#8220;35&#8243; content_placement=&#8220;middle&#8220; css=&#8220;.vc_custom_1550319091054{margin-bottom: 0px !important;padding-top: 80px !important;padding-bottom: 80px !important;}&#8220;][vc_column width=&#8220;1\/2&#8243;][vc_single_image image=&#8220;2009&#8243; img_size=&#8220;650&#215;450&#8243; style=&#8220;vc_box_rounded&#8220; css=&#8220;.vc_custom_1550330082628{margin-bottom: 0px !important;}&#8220;][\/vc_column][vc_column width=&#8220;1\/2&#8243;][vc_column_text css=&#8220;.vc_custom_1665917386182{margin-bottom: 10px !important;}&#8220;]<\/p>\n<h3>Pr\u00edbeh a poslanie<\/h3>\n<p>[\/vc_column_text][vc_column_text css=&#8220;.vc_custom_1665917361847{margin-bottom: 15px !important;}&#8220;]V\u00edtame V\u00e1s na na\u0161ej str\u00e1nke. Sme rodinn\u00e1 firma, ktor\u00e1 m\u00e1 rada dizajn a kvalitu. M\u00e1me mal\u00fa dc\u00e9rku a pr\u00e1ve v\u010faka nej sme vytvorili tento priestor mil\u00e9ho a kr\u00e1sneho oble\u010denia, kde n\u00e1jdeme v\u0161etko, \u010do rada nos\u00ed a potrebuje. Ver\u00edme, \u017ee sa V\u00e1m bud\u00fa na\u0161e produkty p\u00e1\u010di\u0165 a budeme V\u00e1s in\u0161pirova\u0165. Predstavujeme V\u00e1m kr\u00e1snu detsk\u00fa kolekciu kvalitn\u00fdch eur\u00f3pskych zna\u010diek.[\/vc_column_text][vc_empty_space height=&#8220;200px&#8220;][\/vc_column][\/vc_row][vc_row full_width=&#8220;stretch_row&#8220; content_placement=&#8220;middle&#8220; css=&#8220;.vc_custom_1550327660573{margin-bottom: 0px !important;border-top-width: 1px !important;border-bottom-width: 1px !important;padding-top: 80px !important;padding-bottom: 80px !important;background-color: #ebf7fa !important;border-top-color: #ecf5f6 !important;border-top-style: solid !important;border-bottom-color: #ecf5f6 !important;border-bottom-style: solid !important;}&#8220;][vc_column width=&#8220;1\/3&#8243;]        <div class=\"wpb_content_element\">\n            <div class=\"babystreet-iconbox   babystreet-image-icon\">\n                <div class=\"icon_wrapper\">\n                    <span class=\"icon_inner\" style=\"background-color:#81d1e5;\">\n                        \t\t\t\t\t\t\t<img loading=\"lazy\" decoding=\"async\" width=\"60\" height=\"60\" src=\"https:\/\/www.webstranka-eshop.sk\/portfolio\/moonbabiesfashion.sk\/wp-content\/uploads\/2019\/02\/boys-shirts-60x60.jpg\" class=\"attachment-babystreet-widgets-thumb size-babystreet-widgets-thumb\" alt=\"Kamenn\u00e1 predaj\u0148a\" srcset=\"https:\/\/www.webstranka-eshop.sk\/portfolio\/moonbabiesfashion.sk\/wp-content\/uploads\/2019\/02\/boys-shirts-60x60.jpg 60w, https:\/\/www.webstranka-eshop.sk\/portfolio\/moonbabiesfashion.sk\/wp-content\/uploads\/2019\/02\/boys-shirts-300x300.jpg 300w, https:\/\/www.webstranka-eshop.sk\/portfolio\/moonbabiesfashion.sk\/wp-content\/uploads\/2019\/02\/boys-shirts-100x100.jpg 100w, https:\/\/www.webstranka-eshop.sk\/portfolio\/moonbabiesfashion.sk\/wp-content\/uploads\/2019\/02\/boys-shirts-150x150.jpg 150w\" sizes=\"auto, (max-width: 60px) 100vw, 60px\" \/>                                            <\/span>\n                <\/div>\n                <div class=\"iconbox_content\">\n                                            <h5 style=\"color:#333333;\">Kamenn\u00e1 predaj\u0148a<\/h5>\n                                                            <div class=\"iconbox_text_content\">\n                        V bl\u00edzkej bud\u00facnosti by sme pre V\u00e1s chceli vytvori\u0165 aj kamenn\u00fa predaj\u0148u v okol\u00ed Ko\u0161\u00edc, kde by ste si mohli pr\u00eds\u0165 vysk\u00fa\u0161a\u0165 na\u0161e produkty                    <\/div>\n                <\/div>\n            <\/div>\n        <\/div>\n        [\/vc_column][vc_column width=&#8220;1\/3&#8243;]        <div class=\"wpb_content_element\">\n            <div class=\"babystreet-iconbox   babystreet-image-icon\">\n                <div class=\"icon_wrapper\">\n                    <span class=\"icon_inner\" style=\"background-color:#81d1e5;\">\n                        \t\t\t\t\t\t\t<img loading=\"lazy\" decoding=\"async\" width=\"60\" height=\"60\" src=\"https:\/\/www.webstranka-eshop.sk\/portfolio\/moonbabiesfashion.sk\/wp-content\/uploads\/2019\/02\/boys-jumpsuits-60x60.jpg\" class=\"attachment-babystreet-widgets-thumb size-babystreet-widgets-thumb\" alt=\"Roztomil\u00e9 produkty\" srcset=\"https:\/\/www.webstranka-eshop.sk\/portfolio\/moonbabiesfashion.sk\/wp-content\/uploads\/2019\/02\/boys-jumpsuits-60x60.jpg 60w, https:\/\/www.webstranka-eshop.sk\/portfolio\/moonbabiesfashion.sk\/wp-content\/uploads\/2019\/02\/boys-jumpsuits-300x300.jpg 300w, https:\/\/www.webstranka-eshop.sk\/portfolio\/moonbabiesfashion.sk\/wp-content\/uploads\/2019\/02\/boys-jumpsuits-100x100.jpg 100w, https:\/\/www.webstranka-eshop.sk\/portfolio\/moonbabiesfashion.sk\/wp-content\/uploads\/2019\/02\/boys-jumpsuits-150x150.jpg 150w\" sizes=\"auto, (max-width: 60px) 100vw, 60px\" \/>                                            <\/span>\n                <\/div>\n                <div class=\"iconbox_content\">\n                                            <h5 style=\"color:#333333;\">Roztomil\u00e9 produkty<\/h5>\n                                                            <div class=\"iconbox_text_content\">\n                        Na\u0161e produkty s\u00fa z\u00e1rukou najvy\u0161\u0161ej kvality, pred\u00e1vame len to, \u010do by sme obliekli a dali na\u0161ej dc\u00e9rke.                    <\/div>\n                <\/div>\n            <\/div>\n        <\/div>\n        [\/vc_column][vc_column width=&#8220;1\/3&#8243;]        <div class=\"wpb_content_element\">\n            <div class=\"babystreet-iconbox   babystreet-image-icon\">\n                <div class=\"icon_wrapper\">\n                    <span class=\"icon_inner\" style=\"background-color:#81d1e5;\">\n                        \t\t\t\t\t\t\t<img loading=\"lazy\" decoding=\"async\" width=\"60\" height=\"60\" src=\"https:\/\/www.webstranka-eshop.sk\/portfolio\/moonbabiesfashion.sk\/wp-content\/uploads\/2019\/02\/boys-jeans-60x60.jpg\" class=\"attachment-babystreet-widgets-thumb size-babystreet-widgets-thumb\" alt=\"Z\u00e1kazn\u00edcky servis\" srcset=\"https:\/\/www.webstranka-eshop.sk\/portfolio\/moonbabiesfashion.sk\/wp-content\/uploads\/2019\/02\/boys-jeans-60x60.jpg 60w, https:\/\/www.webstranka-eshop.sk\/portfolio\/moonbabiesfashion.sk\/wp-content\/uploads\/2019\/02\/boys-jeans-300x300.jpg 300w, https:\/\/www.webstranka-eshop.sk\/portfolio\/moonbabiesfashion.sk\/wp-content\/uploads\/2019\/02\/boys-jeans-100x100.jpg 100w, https:\/\/www.webstranka-eshop.sk\/portfolio\/moonbabiesfashion.sk\/wp-content\/uploads\/2019\/02\/boys-jeans-150x150.jpg 150w\" sizes=\"auto, (max-width: 60px) 100vw, 60px\" \/>                                            <\/span>\n                <\/div>\n                <div class=\"iconbox_content\">\n                                            <h5 style=\"color:#333333;\">Z\u00e1kazn\u00edcky servis<\/h5>\n                                                            <div class=\"iconbox_text_content\">\n                        Sna\u017e\u00edme sa, aby na\u0161e bal\u00ed\u010dky odi\u0161li \u010do najsk\u00f4r. Sme tu pre V\u00e1s a radi V\u00e1m porad\u00edme.                    <\/div>\n                <\/div>\n            <\/div>\n        <\/div>\n        [\/vc_column][\/vc_row][vc_row gap=&#8220;35&#8243; content_placement=&#8220;middle&#8220; css=&#8220;.vc_custom_1550319091054{margin-bottom: 0px !important;padding-top: 80px !important;padding-bottom: 80px !important;}&#8220;][vc_column width=&#8220;1\/2&#8243;][vc_btn title=&#8220;Nakupujte teraz&#8220; style=&#8220;custom&#8220; custom_background=&#8220;#d0aa95&#8243; custom_text=&#8220;#ffffff&#8220; shape=&#8220;round&#8220; align=&#8220;center&#8220; css_animation=&#8220;none&#8220; link=&#8220;url:https%3A%2F%2Fwww.webstranka-eshop.sk%2Fportfolio%2Fmoonbabiesfashion.sk%2Fe-shop%2F|title:E-shop&#8220; css=&#8220;.vc_custom_1669884319264{margin-bottom: 0px !important;}&#8220;][\/vc_column][vc_column width=&#8220;1\/2&#8243;][vc_single_image image=&#8220;2107&#8243; img_size=&#8220;650&#215;450&#8243; style=&#8220;vc_box_rounded&#8220;][\/vc_column][\/vc_row]<\/p>\n","protected":false},"excerpt":{"rendered":"<p>[vc_row gap=&#8220;35&#8243; content_placement=&#8220;middle&#8220; css=&#8220;.vc_custom_1550319091054{margin-bottom: 0px !important;padding-top: 80px !important;padding-bottom: 80px !important;}&#8220;][vc_column width=&#8220;1\/2&#8243;][vc_single_image image=&#8220;2009&#8243; img_size=&#8220;650&#215;450&#8243; style=&#8220;vc_box_rounded&#8220; css=&#8220;.vc_custom_1550330082628{margin-bottom: 0px !important;}&#8220;][\/vc_column][vc_column width=&#8220;1\/2&#8243;][vc_column_text css=&#8220;.vc_custom_1665917386182{margin-bottom: 10px !important;}&#8220;] Pr\u00edbeh a poslanie [\/vc_column_text][vc_column_text css=&#8220;.vc_custom_1665917361847{margin-bottom: 15px !important;}&#8220;]V\u00edtame V\u00e1s na na\u0161ej str\u00e1nke. Sme rodinn\u00e1 firma, ktor\u00e1 m\u00e1 rada dizajn a kvalitu. M\u00e1me mal\u00fa dc\u00e9rku a pr\u00e1ve v\u010faka nej sme vytvorili tento priestor mil\u00e9ho a kr\u00e1sneho&#8230;<a class=\"r_more_blog\" href=\"https:\/\/www.webstranka-eshop.sk\/portfolio\/moonbabiesfashion.sk\/o-nas\/#more-2181\"> Pokra\u010dova\u0165 v \u010d\u00edtan\u00ed<\/a><\/p>\n","protected":false},"author":1,"featured_media":0,"parent":0,"menu_order":0,"comment_status":"closed","ping_status":"closed","template":"","meta":{"footnotes":""},"class_list":["post-2181","page","type-page","status-publish","hentry"],"_links":{"self":[{"href":"https:\/\/www.webstranka-eshop.sk\/portfolio\/moonbabiesfashion.sk\/wp-json\/wp\/v2\/pages\/2181","targetHints":{"allow":["GET"]}}],"collection":[{"href":"https:\/\/www.webstranka-eshop.sk\/portfolio\/moonbabiesfashion.sk\/wp-json\/wp\/v2\/pages"}],"about":[{"href":"https:\/\/www.webstranka-eshop.sk\/portfolio\/moonbabiesfashion.sk\/wp-json\/wp\/v2\/types\/page"}],"author":[{"embeddable":true,"href":"https:\/\/www.webstranka-eshop.sk\/portfolio\/moonbabiesfashion.sk\/wp-json\/wp\/v2\/users\/1"}],"replies":[{"embeddable":true,"href":"https:\/\/www.webstranka-eshop.sk\/portfolio\/moonbabiesfashion.sk\/wp-json\/wp\/v2\/comments?post=2181"}],"version-history":[{"count":18,"href":"https:\/\/www.webstranka-eshop.sk\/portfolio\/moonbabiesfashion.sk\/wp-json\/wp\/v2\/pages\/2181\/revisions"}],"predecessor-version":[{"id":33466,"href":"https:\/\/www.webstranka-eshop.sk\/portfolio\/moonbabiesfashion.sk\/wp-json\/wp\/v2\/pages\/2181\/revisions\/33466"}],"wp:attachment":[{"href":"https:\/\/www.webstranka-eshop.sk\/portfolio\/moonbabiesfashion.sk\/wp-json\/wp\/v2\/media?parent=2181"}],"curies":[{"name":"wp","href":"https:\/\/api.w.org\/{rel}","templated":true}]}}